{"id":499,"date":"2024-01-30T20:36:44","date_gmt":"2024-01-30T20:36:44","guid":{"rendered":"https:\/\/ehr1production.wpenginepowered.com\/contacts\/"},"modified":"2025-02-21T14:41:18","modified_gmt":"2025-02-21T14:41:18","slug":"contacts","status":"publish","type":"page","link":"https:\/\/www.portableehr.com\/es\/contacts\/","title":{"rendered":"Contact"},"content":{"rendered":"\t\t<div data-elementor-type=\"wp-page\" data-elementor-id=\"499\" class=\"elementor elementor-499 elementor-139\" data-elementor-post-type=\"page\">\n\t\t\t\t<div class=\"elementor-element elementor-element-27e5474c e-flex e-con-boxed e-con e-parent\" data-id=\"27e5474c\" data-element_type=\"container\" data-settings=\"{&quot;background_background&quot;:&quot;classic&quot;}\">\n\t\t\t\t\t<div class=\"e-con-inner\">\n\t\t<div class=\"elementor-element elementor-element-54dabc0d e-con-full e-flex e-con e-child\" data-id=\"54dabc0d\" data-element_type=\"container\">\n\t\t\t\t<div class=\"elementor-element elementor-element-4b58b8aa elementor-view-default elementor-invisible elementor-widget elementor-widget-icon\" data-id=\"4b58b8aa\" data-element_type=\"widget\" data-settings=\"{&quot;_animation&quot;:&quot;fadeInUp&quot;}\" data-widget_type=\"icon.default\">\n\t\t\t\t<div class=\"elementor-widget-container\">\n\t\t\t\t\t\t\t<div class=\"elementor-icon-wrapper\">\n\t\t\t<div class=\"elementor-icon\">\n\t\t\t<svg aria-hidden=\"true\" class=\"e-font-icon-svg e-fas-circle\" viewBox=\"0 0 512 512\" xmlns=\"http:\/\/www.w3.org\/2000\/svg\"><path d=\"M256 8C119 8 8 119 8 256s111 248 248 248 248-111 248-248S393 8 256 8z\"><\/path><\/svg>\t\t\t<\/div>\n\t\t<\/div>\n\t\t\t\t\t\t<\/div>\n\t\t\t\t<\/div>\n\t\t\t\t<div class=\"elementor-element elementor-element-1e3d5fe7 elementor-invisible elementor-widget elementor-widget-heading\" data-id=\"1e3d5fe7\" data-element_type=\"widget\" data-settings=\"{&quot;_animation&quot;:&quot;fadeInUp&quot;,&quot;_animation_delay&quot;:0.2}\" data-widget_type=\"heading.default\">\n\t\t\t\t<div class=\"elementor-widget-container\">\n\t\t\t\t\t<h1 class=\"elementor-heading-title elementor-size-default\">Preguntas y<br>demostraciones<br>personalizadas<\/h1>\t\t\t\t<\/div>\n\t\t\t\t<\/div>\n\t\t\t\t<\/div>\n\t\t\t\t\t<\/div>\n\t\t\t\t<\/div>\n\t\t<div class=\"elementor-element elementor-element-e8df1c9 e-flex e-con-boxed e-con e-parent\" data-id=\"e8df1c9\" data-element_type=\"container\" data-settings=\"{&quot;background_background&quot;:&quot;classic&quot;}\">\n\t\t\t\t\t<div class=\"e-con-inner\">\n\t\t\t\t<div class=\"elementor-element elementor-element-86d2334 elementor-position-inline-start elementor-view-default elementor-mobile-position-block-start elementor-widget elementor-widget-icon-box\" data-id=\"86d2334\" data-element_type=\"widget\" data-widget_type=\"icon-box.default\">\n\t\t\t\t<div class=\"elementor-widget-container\">\n\t\t\t\t\t\t\t<div class=\"elementor-icon-box-wrapper\">\n\n\t\t\t\t\t\t<div class=\"elementor-icon-box-icon\">\n\t\t\t\t<span  class=\"elementor-icon\">\n\t\t\t\t<svg aria-hidden=\"true\" class=\"e-font-icon-svg e-fas-circle\" viewBox=\"0 0 512 512\" xmlns=\"http:\/\/www.w3.org\/2000\/svg\"><path d=\"M256 8C119 8 8 119 8 256s111 248 248 248 248-111 248-248S393 8 256 8z\"><\/path><\/svg>\t\t\t\t<\/span>\n\t\t\t<\/div>\n\t\t\t\n\t\t\t\t\t\t<div class=\"elementor-icon-box-content\">\n\n\t\t\t\t\t\t\t\t\t<h3 class=\"elementor-icon-box-title\">\n\t\t\t\t\t\t<span  >\n\t\t\t\t\t\t\tPara m\u00e1s informaci\u00f3n o por cualquier consulta sobre Portable EHR y sus m\u00faltiples utilidades, rellene el siguiente formulario. Nuestro equipo se pondr\u00e1 en contacto en breve. <br><br> Adem\u00e1s, el equipo de Portable EHR ofrece demostraciones personalizadas que presentan las distintas facetas de la soluci\u00f3n y c\u00f3mo pueden mejorar el rendimiento de su consulta o cl\u00ednica. Haga clic en el bot\u00f3n para programar una demostraci\u00f3n. \t\t\t\t\t\t<\/span>\n\t\t\t\t\t<\/h3>\n\t\t\t\t\n\t\t\t\t\n\t\t\t<\/div>\n\t\t\t\n\t\t<\/div>\n\t\t\t\t\t\t<\/div>\n\t\t\t\t<\/div>\n\t\t\t\t\t<\/div>\n\t\t\t\t<\/div>\n\t\t<div class=\"elementor-element elementor-element-fbcb9b0 e-flex e-con-boxed e-con e-parent\" data-id=\"fbcb9b0\" data-element_type=\"container\" data-settings=\"{&quot;background_background&quot;:&quot;classic&quot;}\">\n\t\t\t\t\t<div class=\"e-con-inner\">\n\t\t<div class=\"elementor-element elementor-element-ba12369 e-con-full e-flex e-con e-child\" data-id=\"ba12369\" data-element_type=\"container\">\n\t\t\t\t<div class=\"elementor-element elementor-element-5583202 elementor-position-inline-start elementor-view-default elementor-mobile-position-block-start elementor-widget elementor-widget-icon-box\" data-id=\"5583202\" data-element_type=\"widget\" data-widget_type=\"icon-box.default\">\n\t\t\t\t<div class=\"elementor-widget-container\">\n\t\t\t\t\t\t\t<div class=\"elementor-icon-box-wrapper\">\n\n\t\t\t\t\t\t<div class=\"elementor-icon-box-icon\">\n\t\t\t\t<span  class=\"elementor-icon\">\n\t\t\t\t<svg aria-hidden=\"true\" class=\"e-font-icon-svg e-fas-circle\" viewBox=\"0 0 512 512\" xmlns=\"http:\/\/www.w3.org\/2000\/svg\"><path d=\"M256 8C119 8 8 119 8 256s111 248 248 248 248-111 248-248S393 8 256 8z\"><\/path><\/svg>\t\t\t\t<\/span>\n\t\t\t<\/div>\n\t\t\t\n\t\t\t\t\t\t<div class=\"elementor-icon-box-content\">\n\n\t\t\t\t\t\t\t\t\t<h3 class=\"elementor-icon-box-title\">\n\t\t\t\t\t\t<span  >\n\t\t\t\t\t\t\tSolicitud de informaci\u00f3n \/ Preguntas\t\t\t\t\t\t<\/span>\n\t\t\t\t\t<\/h3>\n\t\t\t\t\n\t\t\t\t\t\t\t\t\t<p class=\"elementor-icon-box-description\">\n\t\t\t\t\t\tcampos obligatorios\t\t\t\t\t<\/p>\n\t\t\t\t\n\t\t\t<\/div>\n\t\t\t\n\t\t<\/div>\n\t\t\t\t\t\t<\/div>\n\t\t\t\t<\/div>\n\t\t\t\t<\/div>\n\t\t<div class=\"elementor-element elementor-element-c8a3b84 e-con-full e-flex e-con e-child\" data-id=\"c8a3b84\" data-element_type=\"container\">\n\t\t\t\t<div class=\"elementor-element elementor-element-5cdc95d elementor-button-align-end elementor-mobile-button-align-center elementor-widget elementor-widget-form\" data-id=\"5cdc95d\" data-element_type=\"widget\" data-settings=\"{&quot;step_next_label&quot;:&quot;Next&quot;,&quot;step_previous_label&quot;:&quot;Previous&quot;,&quot;button_width&quot;:&quot;100&quot;,&quot;step_type&quot;:&quot;number_text&quot;,&quot;step_icon_shape&quot;:&quot;circle&quot;}\" data-widget_type=\"form.default\">\n\t\t\t\t<div class=\"elementor-widget-container\">\n\t\t\t\t\t\t\t<form class=\"elementor-form\" method=\"post\" name=\"New Form\" aria-label=\"New Form\">\n\t\t\t<input type=\"hidden\" name=\"post_id\" value=\"499\"\/>\n\t\t\t<input type=\"hidden\" name=\"form_id\" value=\"5cdc95d\"\/>\n\t\t\t<input type=\"hidden\" name=\"referer_title\" value=\"Portable EHR\" \/>\n\n\t\t\t\n\t\t\t<div class=\"elementor-form-fields-wrapper elementor-labels-\">\n\t\t\t\t\t\t\t\t<div class=\"elementor-field-type-text elementor-field-group elementor-column elementor-field-group-name elementor-col-100 elementor-field-required\">\n\t\t\t\t\t\t\t\t\t\t\t\t\t<input size=\"1\" type=\"text\" name=\"form_fields[name]\" id=\"form-field-name\" class=\"elementor-field elementor-size-sm  elementor-field-textual\" placeholder=\"Nombre *\" required=\"required\">\n\t\t\t\t\t\t\t\t\t\t\t<\/div>\n\t\t\t\t\t\t\t\t<div class=\"elementor-field-type-text\">\n\t\t\t\t\t<input size=\"1\" type=\"text\" name=\"form_fields[field_d22c801]\" id=\"form-field-field_d22c801\" class=\"elementor-field elementor-size-sm \" style=\"display:none !important;\">\t\t\t\t<\/div>\n\t\t\t\t\t\t\t\t<div class=\"elementor-field-type-text elementor-field-group elementor-column elementor-field-group-email elementor-col-100 elementor-field-required\">\n\t\t\t\t\t\t\t\t\t\t\t\t\t<input size=\"1\" type=\"text\" name=\"form_fields[email]\" id=\"form-field-email\" class=\"elementor-field elementor-size-sm  elementor-field-textual\" placeholder=\"T\u00edtulo profesional\" required=\"required\">\n\t\t\t\t\t\t\t\t\t\t\t<\/div>\n\t\t\t\t\t\t\t\t<div class=\"elementor-field-type-text elementor-field-group elementor-column elementor-field-group-field_10a6fad elementor-col-100\">\n\t\t\t\t\t\t\t\t\t\t\t\t\t<input size=\"1\" type=\"text\" name=\"form_fields[field_10a6fad]\" id=\"form-field-field_10a6fad\" class=\"elementor-field elementor-size-sm  elementor-field-textual\" placeholder=\"Nombre de la empresa \/ cl\u00ednica \/ servicio\">\n\t\t\t\t\t\t\t\t\t\t\t<\/div>\n\t\t\t\t\t\t\t\t<div class=\"elementor-field-type-email elementor-field-group elementor-column elementor-field-group-field_aeddc64 elementor-col-50 elementor-field-required\">\n\t\t\t\t\t\t\t\t\t\t\t\t\t<input size=\"1\" type=\"email\" name=\"form_fields[field_aeddc64]\" id=\"form-field-field_aeddc64\" class=\"elementor-field elementor-size-sm  elementor-field-textual\" placeholder=\"Correo electr\u00f3nico *\" required=\"required\">\n\t\t\t\t\t\t\t\t\t\t\t<\/div>\n\t\t\t\t\t\t\t\t<div class=\"elementor-field-type-tel elementor-field-group elementor-column elementor-field-group-field_29ae8d2 elementor-col-50\">\n\t\t\t\t\t\t\t<input size=\"1\" type=\"tel\" name=\"form_fields[field_29ae8d2]\" id=\"form-field-field_29ae8d2\" class=\"elementor-field elementor-size-sm  elementor-field-textual\" placeholder=\"Tel\u00e9fono\" pattern=\"[0-9()#&amp;+*-=.]+\" title=\"Solo se aceptan n\u00fameros y caracteres de tel\u00e9fono (#,-,*,etc).\">\n\n\t\t\t\t\t\t<\/div>\n\t\t\t\t\t\t\t\t<div class=\"elementor-field-type-text elementor-field-group elementor-column elementor-field-group-field_d6667d1 elementor-col-100\">\n\t\t\t\t\t\t\t\t\t\t\t\t\t<input size=\"1\" type=\"text\" name=\"form_fields[field_d6667d1]\" id=\"form-field-field_d6667d1\" class=\"elementor-field elementor-size-sm  elementor-field-textual\" placeholder=\"Pa\u00eds\">\n\t\t\t\t\t\t\t\t\t\t\t<\/div>\n\t\t\t\t\t\t\t\t<div class=\"elementor-field-type-text\">\n\t\t\t\t\t<input size=\"1\" type=\"text\" name=\"form_fields[field_e365671]\" id=\"form-field-field_e365671\" class=\"elementor-field elementor-size-sm \" style=\"display:none !important;\">\t\t\t\t<\/div>\n\t\t\t\t\t\t\t\t<div class=\"elementor-field-type-textarea elementor-field-group elementor-column elementor-field-group-field_7002e9e elementor-col-100 elementor-field-required\">\n\t\t\t\t\t<textarea class=\"elementor-field-textual elementor-field  elementor-size-sm\" name=\"form_fields[field_7002e9e]\" id=\"form-field-field_7002e9e\" rows=\"4\" placeholder=\"Preguntas e informaci\u00f3n adicional *\" required=\"required\"><\/textarea>\t\t\t\t<\/div>\n\t\t\t\t\t\t\t\t<div class=\"elementor-field-type-recaptcha elementor-field-group elementor-column elementor-field-group-field_974d9de elementor-col-100\">\n\t\t\t\t\t<div class=\"elementor-field\" id=\"form-field-field_974d9de\"><div class=\"elementor-g-recaptcha\" data-sitekey=\"6LcF19QpAAAAADPeG-dhE6bpUpiCZgt00vS77hjF\" data-type=\"v2_checkbox\" data-theme=\"light\" data-size=\"normal\"><\/div><\/div>\t\t\t\t<\/div>\n\t\t\t\t\t\t\t\t<div class=\"elementor-field-type-html elementor-field-group elementor-column elementor-field-group-field_5e9921d elementor-col-100\">\n\t\t\t\t\t<script src=\"https:\/\/www.google.com\/recaptcha\/api.js?onload=myCallBack&render=explicit&hl=fr\"><\/script>\t\t\t\t<\/div>\n\t\t\t\t\t\t\t\t<div class=\"elementor-field-group elementor-column elementor-field-type-submit elementor-col-100 e-form__buttons\">\n\t\t\t\t\t<button class=\"elementor-button elementor-size-xs\" type=\"submit\">\n\t\t\t\t\t\t<span class=\"elementor-button-content-wrapper\">\n\t\t\t\t\t\t\t\t\t\t\t\t\t\t\t\t\t\t\t\t\t\t<span class=\"elementor-button-text\">Enviar<\/span>\n\t\t\t\t\t\t\t\t\t\t\t\t\t<\/span>\n\t\t\t\t\t<\/button>\n\t\t\t\t<\/div>\n\t\t\t<\/div>\n\t\t<\/form>\n\t\t\t\t\t\t<\/div>\n\t\t\t\t<\/div>\n\t\t\t\t<\/div>\n\t\t\t\t\t<\/div>\n\t\t\t\t<\/div>\n\t\t\t\t<\/div>\n\t\t","protected":false},"excerpt":{"rendered":"<p>Preguntas ydemostracionespersonalizadas Para m\u00e1s informaci\u00f3n o por cualquier consulta sobre Portable EHR y sus m\u00faltiples utilidades, rellene el siguiente formulario. Nuestro equipo se pondr\u00e1 en contacto en breve. Adem\u00e1s, el equipo de Portable EHR ofrece demostraciones personalizadas que presentan las distintas facetas de la soluci\u00f3n y c\u00f3mo pueden mejorar el rendimiento de su consulta o [&hellip;]<\/p>\n","protected":false},"author":1,"featured_media":0,"parent":0,"menu_order":0,"comment_status":"closed","ping_status":"closed","template":"","meta":{"footnotes":""},"class_list":["post-499","page","type-page","status-publish","hentry"],"yoast_head":"<!-- This site is optimized with the Yoast SEO plugin v26.7 - https:\/\/yoast.com\/wordpress\/plugins\/seo\/ -->\n<title>Contact - Portable EHR<\/title>\n<meta name=\"robots\" content=\"index, follow, max-snippet:-1, max-image-preview:large, max-video-preview:-1\" \/>\n<link rel=\"canonical\" href=\"https:\/\/www.portableehr.com\/es\/contacts\/\" \/>\n<meta property=\"og:locale\" content=\"es_ES\" \/>\n<meta property=\"og:type\" content=\"article\" \/>\n<meta property=\"og:title\" content=\"Contact - Portable EHR\" \/>\n<meta property=\"og:description\" content=\"Preguntas ydemostracionespersonalizadas Para m\u00e1s informaci\u00f3n o por cualquier consulta sobre Portable EHR y sus m\u00faltiples utilidades, rellene el siguiente formulario. Nuestro equipo se pondr\u00e1 en contacto en breve. Adem\u00e1s, el equipo de Portable EHR ofrece demostraciones personalizadas que presentan las distintas facetas de la soluci\u00f3n y c\u00f3mo pueden mejorar el rendimiento de su consulta o [&hellip;]\" \/>\n<meta property=\"og:url\" content=\"https:\/\/www.portableehr.com\/es\/contacts\/\" \/>\n<meta property=\"og:site_name\" content=\"Portable EHR\" \/>\n<meta property=\"article:modified_time\" content=\"2025-02-21T14:41:18+00:00\" \/>\n<meta property=\"og:image\" content=\"https:\/\/www.portableehr.com\/wp-content\/uploads\/2024\/12\/portable-ehr.png\" \/>\n\t<meta property=\"og:image:width\" content=\"1200\" \/>\n\t<meta property=\"og:image:height\" content=\"630\" \/>\n\t<meta property=\"og:image:type\" content=\"image\/png\" \/>\n<meta name=\"twitter:card\" content=\"summary_large_image\" \/>\n<script type=\"application\/ld+json\" class=\"yoast-schema-graph\">{\"@context\":\"https:\/\/schema.org\",\"@graph\":[{\"@type\":\"WebPage\",\"@id\":\"https:\/\/www.portableehr.com\/es\/contacts\/\",\"url\":\"https:\/\/www.portableehr.com\/es\/contacts\/\",\"name\":\"Contact - Portable EHR\",\"isPartOf\":{\"@id\":\"https:\/\/www.portableehr.com\/#website\"},\"datePublished\":\"2024-01-30T20:36:44+00:00\",\"dateModified\":\"2025-02-21T14:41:18+00:00\",\"breadcrumb\":{\"@id\":\"https:\/\/www.portableehr.com\/es\/contacts\/#breadcrumb\"},\"inLanguage\":\"es\",\"potentialAction\":[{\"@type\":\"ReadAction\",\"target\":[\"https:\/\/www.portableehr.com\/es\/contacts\/\"]}]},{\"@type\":\"BreadcrumbList\",\"@id\":\"https:\/\/www.portableehr.com\/es\/contacts\/#breadcrumb\",\"itemListElement\":[{\"@type\":\"ListItem\",\"position\":1,\"name\":\"Home\",\"item\":\"https:\/\/www.portableehr.com\/es\/homepage\/\"},{\"@type\":\"ListItem\",\"position\":2,\"name\":\"Contact\"}]},{\"@type\":\"WebSite\",\"@id\":\"https:\/\/www.portableehr.com\/#website\",\"url\":\"https:\/\/www.portableehr.com\/\",\"name\":\"Portable EHR\",\"description\":\"\",\"publisher\":{\"@id\":\"https:\/\/www.portableehr.com\/#organization\"},\"alternateName\":\"Portable EHR\",\"potentialAction\":[{\"@type\":\"SearchAction\",\"target\":{\"@type\":\"EntryPoint\",\"urlTemplate\":\"https:\/\/www.portableehr.com\/?s={search_term_string}\"},\"query-input\":{\"@type\":\"PropertyValueSpecification\",\"valueRequired\":true,\"valueName\":\"search_term_string\"}}],\"inLanguage\":\"es\"},{\"@type\":\"Organization\",\"@id\":\"https:\/\/www.portableehr.com\/#organization\",\"name\":\"Portable EHR\",\"url\":\"https:\/\/www.portableehr.com\/\",\"logo\":{\"@type\":\"ImageObject\",\"inLanguage\":\"es\",\"@id\":\"https:\/\/www.portableehr.com\/#\/schema\/logo\/image\/\",\"url\":\"https:\/\/www.portableehr.com\/wp-content\/uploads\/2024\/01\/Logo_2-1.png\",\"contentUrl\":\"https:\/\/www.portableehr.com\/wp-content\/uploads\/2024\/01\/Logo_2-1.png\",\"width\":293,\"height\":117,\"caption\":\"Portable EHR\"},\"image\":{\"@id\":\"https:\/\/www.portableehr.com\/#\/schema\/logo\/image\/\"},\"sameAs\":[\"https:\/\/www.linkedin.com\/company\/portable-ehr\/\"]}]}<\/script>\n<!-- \/ Yoast SEO plugin. -->","yoast_head_json":{"title":"Contact - Portable EHR","robots":{"index":"index","follow":"follow","max-snippet":"max-snippet:-1","max-image-preview":"max-image-preview:large","max-video-preview":"max-video-preview:-1"},"canonical":"https:\/\/www.portableehr.com\/es\/contacts\/","og_locale":"es_ES","og_type":"article","og_title":"Contact - Portable EHR","og_description":"Preguntas ydemostracionespersonalizadas Para m\u00e1s informaci\u00f3n o por cualquier consulta sobre Portable EHR y sus m\u00faltiples utilidades, rellene el siguiente formulario. Nuestro equipo se pondr\u00e1 en contacto en breve. Adem\u00e1s, el equipo de Portable EHR ofrece demostraciones personalizadas que presentan las distintas facetas de la soluci\u00f3n y c\u00f3mo pueden mejorar el rendimiento de su consulta o [&hellip;]","og_url":"https:\/\/www.portableehr.com\/es\/contacts\/","og_site_name":"Portable EHR","article_modified_time":"2025-02-21T14:41:18+00:00","og_image":[{"width":1200,"height":630,"url":"https:\/\/www.portableehr.com\/wp-content\/uploads\/2024\/12\/portable-ehr.png","type":"image\/png"}],"twitter_card":"summary_large_image","schema":{"@context":"https:\/\/schema.org","@graph":[{"@type":"WebPage","@id":"https:\/\/www.portableehr.com\/es\/contacts\/","url":"https:\/\/www.portableehr.com\/es\/contacts\/","name":"Contact - Portable EHR","isPartOf":{"@id":"https:\/\/www.portableehr.com\/#website"},"datePublished":"2024-01-30T20:36:44+00:00","dateModified":"2025-02-21T14:41:18+00:00","breadcrumb":{"@id":"https:\/\/www.portableehr.com\/es\/contacts\/#breadcrumb"},"inLanguage":"es","potentialAction":[{"@type":"ReadAction","target":["https:\/\/www.portableehr.com\/es\/contacts\/"]}]},{"@type":"BreadcrumbList","@id":"https:\/\/www.portableehr.com\/es\/contacts\/#breadcrumb","itemListElement":[{"@type":"ListItem","position":1,"name":"Home","item":"https:\/\/www.portableehr.com\/es\/homepage\/"},{"@type":"ListItem","position":2,"name":"Contact"}]},{"@type":"WebSite","@id":"https:\/\/www.portableehr.com\/#website","url":"https:\/\/www.portableehr.com\/","name":"Portable EHR","description":"","publisher":{"@id":"https:\/\/www.portableehr.com\/#organization"},"alternateName":"Portable EHR","potentialAction":[{"@type":"SearchAction","target":{"@type":"EntryPoint","urlTemplate":"https:\/\/www.portableehr.com\/?s={search_term_string}"},"query-input":{"@type":"PropertyValueSpecification","valueRequired":true,"valueName":"search_term_string"}}],"inLanguage":"es"},{"@type":"Organization","@id":"https:\/\/www.portableehr.com\/#organization","name":"Portable EHR","url":"https:\/\/www.portableehr.com\/","logo":{"@type":"ImageObject","inLanguage":"es","@id":"https:\/\/www.portableehr.com\/#\/schema\/logo\/image\/","url":"https:\/\/www.portableehr.com\/wp-content\/uploads\/2024\/01\/Logo_2-1.png","contentUrl":"https:\/\/www.portableehr.com\/wp-content\/uploads\/2024\/01\/Logo_2-1.png","width":293,"height":117,"caption":"Portable EHR"},"image":{"@id":"https:\/\/www.portableehr.com\/#\/schema\/logo\/image\/"},"sameAs":["https:\/\/www.linkedin.com\/company\/portable-ehr\/"]}]}},"featured_image_src":null,"featured_image_src_square":null,"_links":{"self":[{"href":"https:\/\/www.portableehr.com\/es\/wp-json\/wp\/v2\/pages\/499","targetHints":{"allow":["GET"]}}],"collection":[{"href":"https:\/\/www.portableehr.com\/es\/wp-json\/wp\/v2\/pages"}],"about":[{"href":"https:\/\/www.portableehr.com\/es\/wp-json\/wp\/v2\/types\/page"}],"author":[{"embeddable":true,"href":"https:\/\/www.portableehr.com\/es\/wp-json\/wp\/v2\/users\/1"}],"replies":[{"embeddable":true,"href":"https:\/\/www.portableehr.com\/es\/wp-json\/wp\/v2\/comments?post=499"}],"version-history":[{"count":0,"href":"https:\/\/www.portableehr.com\/es\/wp-json\/wp\/v2\/pages\/499\/revisions"}],"wp:attachment":[{"href":"https:\/\/www.portableehr.com\/es\/wp-json\/wp\/v2\/media?parent=499"}],"curies":[{"name":"wp","href":"https:\/\/api.w.org\/{rel}","templated":true}]}}